{"id":824,"date":"2019-06-06T07:53:40","date_gmt":"2019-06-06T05:53:40","guid":{"rendered":"https:\/\/www.acreatelier.com\/?page_id=824"},"modified":"2021-05-10T01:58:23","modified_gmt":"2021-05-09T23:58:23","slug":"navgaro","status":"publish","type":"page","link":"https:\/\/www.acreatelier.com\/sk\/navgaro\/","title":{"rendered":"DIGITALIZ\u00c1CIA BUDOV \u2013 BIM"},"content":{"rendered":"","protected":false},"excerpt":{"rendered":"","protected":false},"author":1,"featured_media":0,"parent":0,"menu_order":0,"comment_status":"closed","ping_status":"closed","template":"page-navgaro.php","meta":{"_acf_changed":false,"footnotes":""},"class_list":["post-824","page","type-page","status-publish","hentry"],"acf":[],"yoast_head":"<!-- This site is optimized with the Yoast SEO plugin v26.8 - https:\/\/yoast.com\/product\/yoast-seo-wordpress\/ -->\n<title>Digit\u00e1lny model budovy, projektovanie v BIM, digitaliz\u00e1cia budov<\/title>\n<meta name=\"description\" content=\"Digitaliz\u00e1cia budovy technol\u00f3giou BIM je pre n\u00e1s hra\u010dka. Naprojektujeme digit\u00e1lny informa\u010dn\u00fd model stavby. Projektovanie budov v BIM.\" \/>\n<meta name=\"robots\" content=\"index, follow, max-snippet:-1, max-image-preview:large, max-video-preview:-1\" \/>\n<link rel=\"canonical\" href=\"https:\/\/www.acreatelier.com\/sk\/navgaro\/\" \/>\n<meta property=\"og:locale\" content=\"sk_SK\" \/>\n<meta property=\"og:type\" content=\"article\" \/>\n<meta property=\"og:title\" content=\"Digit\u00e1lny model budovy, projektovanie v BIM, digitaliz\u00e1cia budov\" \/>\n<meta property=\"og:description\" content=\"Digitaliz\u00e1cia budovy technol\u00f3giou BIM je pre n\u00e1s hra\u010dka. Naprojektujeme digit\u00e1lny informa\u010dn\u00fd model stavby. Projektovanie budov v BIM.\" \/>\n<meta property=\"og:url\" content=\"https:\/\/www.acreatelier.com\/sk\/navgaro\/\" \/>\n<meta property=\"og:site_name\" content=\"ACREA s.r.o.\" \/>\n<meta property=\"article:modified_time\" content=\"2021-05-09T23:58:23+00:00\" \/>\n<meta name=\"twitter:card\" content=\"summary_large_image\" \/>\n<script type=\"application\/ld+json\" class=\"yoast-schema-graph\">{\"@context\":\"https:\/\/schema.org\",\"@graph\":[{\"@type\":\"WebPage\",\"@id\":\"https:\/\/www.acreatelier.com\/sk\/navgaro\/\",\"url\":\"https:\/\/www.acreatelier.com\/sk\/navgaro\/\",\"name\":\"Digit\u00e1lny model budovy, projektovanie v BIM, digitaliz\u00e1cia budov\",\"isPartOf\":{\"@id\":\"https:\/\/www.acreatelier.com\/cz\/#website\"},\"datePublished\":\"2019-06-06T05:53:40+00:00\",\"dateModified\":\"2021-05-09T23:58:23+00:00\",\"description\":\"Digitaliz\u00e1cia budovy technol\u00f3giou BIM je pre n\u00e1s hra\u010dka. Naprojektujeme digit\u00e1lny informa\u010dn\u00fd model stavby. Projektovanie budov v BIM.\",\"breadcrumb\":{\"@id\":\"https:\/\/www.acreatelier.com\/sk\/navgaro\/#breadcrumb\"},\"inLanguage\":\"sk-SK\",\"potentialAction\":[{\"@type\":\"ReadAction\",\"target\":[\"https:\/\/www.acreatelier.com\/sk\/navgaro\/\"]}]},{\"@type\":\"BreadcrumbList\",\"@id\":\"https:\/\/www.acreatelier.com\/sk\/navgaro\/#breadcrumb\",\"itemListElement\":[{\"@type\":\"ListItem\",\"position\":1,\"name\":\"Home\",\"item\":\"https:\/\/www.acreatelier.com\/sk\/\"},{\"@type\":\"ListItem\",\"position\":2,\"name\":\"DIGITALIZ\u00c1CIA BUDOV \u2013 BIM\"}]},{\"@type\":\"WebSite\",\"@id\":\"https:\/\/www.acreatelier.com\/cz\/#website\",\"url\":\"https:\/\/www.acreatelier.com\/cz\/\",\"name\":\"ACREA s.r.o.\",\"description\":\"\",\"potentialAction\":[{\"@type\":\"SearchAction\",\"target\":{\"@type\":\"EntryPoint\",\"urlTemplate\":\"https:\/\/www.acreatelier.com\/cz\/?s={search_term_string}\"},\"query-input\":{\"@type\":\"PropertyValueSpecification\",\"valueRequired\":true,\"valueName\":\"search_term_string\"}}],\"inLanguage\":\"sk-SK\"}]}<\/script>\n<!-- \/ Yoast SEO plugin. -->","yoast_head_json":{"title":"Digit\u00e1lny model budovy, projektovanie v BIM, digitaliz\u00e1cia budov","description":"Digitaliz\u00e1cia budovy technol\u00f3giou BIM je pre n\u00e1s hra\u010dka. Naprojektujeme digit\u00e1lny informa\u010dn\u00fd model stavby. Projektovanie budov v BIM.","robots":{"index":"index","follow":"follow","max-snippet":"max-snippet:-1","max-image-preview":"max-image-preview:large","max-video-preview":"max-video-preview:-1"},"canonical":"https:\/\/www.acreatelier.com\/sk\/navgaro\/","og_locale":"sk_SK","og_type":"article","og_title":"Digit\u00e1lny model budovy, projektovanie v BIM, digitaliz\u00e1cia budov","og_description":"Digitaliz\u00e1cia budovy technol\u00f3giou BIM je pre n\u00e1s hra\u010dka. Naprojektujeme digit\u00e1lny informa\u010dn\u00fd model stavby. Projektovanie budov v BIM.","og_url":"https:\/\/www.acreatelier.com\/sk\/navgaro\/","og_site_name":"ACREA s.r.o.","article_modified_time":"2021-05-09T23:58:23+00:00","twitter_card":"summary_large_image","schema":{"@context":"https:\/\/schema.org","@graph":[{"@type":"WebPage","@id":"https:\/\/www.acreatelier.com\/sk\/navgaro\/","url":"https:\/\/www.acreatelier.com\/sk\/navgaro\/","name":"Digit\u00e1lny model budovy, projektovanie v BIM, digitaliz\u00e1cia budov","isPartOf":{"@id":"https:\/\/www.acreatelier.com\/cz\/#website"},"datePublished":"2019-06-06T05:53:40+00:00","dateModified":"2021-05-09T23:58:23+00:00","description":"Digitaliz\u00e1cia budovy technol\u00f3giou BIM je pre n\u00e1s hra\u010dka. Naprojektujeme digit\u00e1lny informa\u010dn\u00fd model stavby. Projektovanie budov v BIM.","breadcrumb":{"@id":"https:\/\/www.acreatelier.com\/sk\/navgaro\/#breadcrumb"},"inLanguage":"sk-SK","potentialAction":[{"@type":"ReadAction","target":["https:\/\/www.acreatelier.com\/sk\/navgaro\/"]}]},{"@type":"BreadcrumbList","@id":"https:\/\/www.acreatelier.com\/sk\/navgaro\/#breadcrumb","itemListElement":[{"@type":"ListItem","position":1,"name":"Home","item":"https:\/\/www.acreatelier.com\/sk\/"},{"@type":"ListItem","position":2,"name":"DIGITALIZ\u00c1CIA BUDOV \u2013 BIM"}]},{"@type":"WebSite","@id":"https:\/\/www.acreatelier.com\/cz\/#website","url":"https:\/\/www.acreatelier.com\/cz\/","name":"ACREA s.r.o.","description":"","potentialAction":[{"@type":"SearchAction","target":{"@type":"EntryPoint","urlTemplate":"https:\/\/www.acreatelier.com\/cz\/?s={search_term_string}"},"query-input":{"@type":"PropertyValueSpecification","valueRequired":true,"valueName":"search_term_string"}}],"inLanguage":"sk-SK"}]}},"_links":{"self":[{"href":"https:\/\/www.acreatelier.com\/sk\/wp-json\/wp\/v2\/pages\/824","targetHints":{"allow":["GET"]}}],"collection":[{"href":"https:\/\/www.acreatelier.com\/sk\/wp-json\/wp\/v2\/pages"}],"about":[{"href":"https:\/\/www.acreatelier.com\/sk\/wp-json\/wp\/v2\/types\/page"}],"author":[{"embeddable":true,"href":"https:\/\/www.acreatelier.com\/sk\/wp-json\/wp\/v2\/users\/1"}],"replies":[{"embeddable":true,"href":"https:\/\/www.acreatelier.com\/sk\/wp-json\/wp\/v2\/comments?post=824"}],"version-history":[{"count":3,"href":"https:\/\/www.acreatelier.com\/sk\/wp-json\/wp\/v2\/pages\/824\/revisions"}],"predecessor-version":[{"id":4302,"href":"https:\/\/www.acreatelier.com\/sk\/wp-json\/wp\/v2\/pages\/824\/revisions\/4302"}],"wp:attachment":[{"href":"https:\/\/www.acreatelier.com\/sk\/wp-json\/wp\/v2\/media?parent=824"}],"curies":[{"name":"wp","href":"https:\/\/api.w.org\/{rel}","templated":true}]}}