{"id":679,"date":"2018-09-25T10:47:27","date_gmt":"2018-09-25T08:47:27","guid":{"rendered":"https:\/\/www.acreatelier.com\/?page_id=679"},"modified":"2021-05-11T02:41:12","modified_gmt":"2021-05-11T00:41:12","slug":"cookies","status":"publish","type":"page","link":"https:\/\/www.acreatelier.com\/sk\/cookies\/","title":{"rendered":"Cookies"},"content":{"rendered":"<p>V s\u00falade s \u00a7 55 ods.5 Z\u00e1kona NRSR \u010d. 351\/2011 Z.z. o elektronick\u00fdch komunik\u00e1ci\u00e1ch v znen\u00ed neskor\u0161\u00edch predpisov si v\u00e1s dovo\u013eujeme informova\u0165 o pou\u017e\u00edvan\u00ed cookies a upriami\u0165 va\u0161u pozornos\u0165 na mo\u017enos\u0165 zmeny nastavenia svojho internetov\u00e9ho prehliada\u010da pre pr\u00edpad, \u017ee v\u00e1m aktu\u00e1lne nastavenie vyu\u017e\u00edvania cookies nevyhovuje.<\/p>\n<p><strong>\u010co s\u00fa cookies?<\/strong><br \/>\nS\u00fabory cookies s\u00fa mal\u00e9 textov\u00e9 s\u00fabory, ktor\u00e9 m\u00f4\u017eu by\u0165 do internetov\u00e9ho prehliada\u010da odosielan\u00e9 pri n\u00e1v\u0161teve webov\u00fdch str\u00e1nok a ukladan\u00e9 do v\u00e1\u0161ho zariadenia (po\u010d\u00edta\u010da alebo do in\u00e9ho zariadenia s pr\u00edstupom na internet, ako napr. smartphone alebo tablet). S\u00fabory cookies sa ukladaj\u00fa do prie\u010dinka pre s\u00fabory v\u00e1\u0161ho internetov\u00e9ho prehliada\u010da. Cookies obvykle obsahuj\u00fa n\u00e1zov webovej str\u00e1nky, z ktorej poch\u00e1dzaj\u00fa a d\u00e1tum svojho vzniku. Pri \u010fal\u0161ej n\u00e1v\u0161teve str\u00e1nky webov\u00fd prehliada\u010d znovu na\u010d\u00edta s\u00fabory cookies a tieto inform\u00e1cie odo\u0161le sp\u00e4\u0165 webovej str\u00e1nke, ktor\u00e1 p\u00f4vodne cookies vytvorila. S\u00fabory cookies, ktor\u00e9 pou\u017e\u00edvame, nepo\u0161kodzuj\u00fa v\u00e1\u0161 po\u010d\u00edta\u010d.<\/p>\n<p><strong>Pou\u017e\u00edvanie cookies<\/strong><br \/>\nPou\u017e\u00edvan\u00edm str\u00e1nok vyjadrujete s\u00fahlas s pou\u017eit\u00edm cookies v s\u00falade s nastaven\u00edm v\u00e1\u0161ho internetov\u00e9ho prehliada\u010da. Ak nav\u0161t\u00edvite na\u0161e webov\u00e9 str\u00e1nky, v prehliada\u010di m\u00e1te povolen\u00e9 prij\u00edmanie s\u00faborov cookies, nevykon\u00e1te zmenu nastaven\u00ed v\u00e1\u0161ho internetov\u00e9ho prehliada\u010da a pokra\u010dujete v n\u00e1v\u0161teve na\u0161ich web str\u00e1nok pova\u017eujeme to za prijatie na\u0161ich podmienok pou\u017e\u00edvania s\u00faborov cookies.<\/p>\n<p><strong> Pre\u010do pou\u017e\u00edvame cookies?<\/strong><br \/>\nCookies pou\u017e\u00edvame s cie\u013eom optim\u00e1lne vytv\u00e1ra\u0165 a neust\u00e1le skvalit\u0148ova\u0165 na\u0161e slu\u017eby, prisp\u00f4sobi\u0165 ich va\u0161im z\u00e1ujmom a potreb\u00e1m a zlep\u0161ova\u0165 ich \u0161trukt\u00faru a obsah ako aj na vytv\u00e1ranie zauj\u00edmav\u00fdch pon\u00fak pre V\u00e1s. Acrea nepou\u017e\u00edva \u00fadaje z\u00edskan\u00e9 pou\u017e\u00edvan\u00edm cookies ako kontaktn\u00e9 \u00fadaje na kontaktovanie V\u00e1s prostredn\u00edctvom po\u0161ty, elektronickej po\u0161ty alebo telef\u00f3nu.<\/p>\n<p><strong>Ako m\u00f4\u017eete nastavenia cookies zmeni\u0165?<\/strong><br \/>\nV\u00e4\u010d\u0161ina internetov\u00fdch prehliada\u010dov je p\u00f4vodne nastaven\u00e1 na automatick\u00e9 akceptovanie cookies. Toto nastavenie m\u00f4\u017eete zmeni\u0165 zablokovan\u00edm cookies alebo upozornen\u00edm v pr\u00edpade, \u017ee sa maj\u00fa cookies posla\u0165 do v\u00e1\u0161ho zariadenia. In\u0161trukcie na zmenu cookies n\u00e1jdete vo vo\u013ebe \u201epomoc\u201c ka\u017ed\u00e9ho prehliada\u010da. Ak pou\u017e\u00edvate rozli\u010dn\u00e9 zariadenia na pr\u00edstup k str\u00e1nkam (napr. po\u010d\u00edta\u010d, smartphone, tablet), odpor\u00fa\u010dame ka\u017ed\u00fd prehliada\u010d na ka\u017edom zariaden\u00ed prisp\u00f4sobi\u0165 va\u0161im preferenci\u00e1m cookies.<\/p>\n<p><strong>Pre\u010do si ponecha\u0165 nastavenie cookies?<\/strong><br \/>\nPou\u017e\u00edvanie cookies a ich povolenie vo webovom prehliada\u010di je na va\u0161om rozhodnut\u00ed. V pr\u00edpade zmeny ich nastavenia v\u0161ak m\u00f4\u017eu ma\u0165 niektor\u00e9 na\u0161e webov\u00e9 str\u00e1nky obmedzen\u00fa funk\u010dnos\u0165 a zn\u00ed\u017een\u00fd u\u017e\u00edvate\u013esk\u00fd komfort.<\/p>\n<p>S cie\u013eom zv\u00fd\u0161i\u0165 u\u017e\u00edvate\u013esk\u00fd komfort n\u00e1v\u0161tevn\u00edkov str\u00e1nky a zbiera\u0165 \u0161tatistick\u00e9 \u00fadaje vyu\u017e\u00edva t\u00e1to str\u00e1nka cookies. \u00dadaje z cookies s\u00fa uchov\u00e1van\u00e9 26 mesiacov.<\/p>\n","protected":false},"excerpt":{"rendered":"<p>V s\u00falade s \u00a7 55 ods.5 Z\u00e1kona NRSR \u010d. 351\/2011 Z.z. o elektronick\u00fdch komunik\u00e1ci\u00e1ch v znen\u00ed neskor\u0161\u00edch predpisov si v\u00e1s dovo\u013eujeme informova\u0165 o pou\u017e\u00edvan\u00ed cookies a upriami\u0165 va\u0161u pozornos\u0165 na mo\u017enos\u0165 zmeny nastavenia svojho internetov\u00e9ho prehliada\u010da pre pr\u00edpad, \u017ee v\u00e1m aktu\u00e1lne nastavenie vyu\u017e\u00edvania cookies nevyhovuje. \u010co s\u00fa cookies? S\u00fabory cookies s\u00fa mal\u00e9 textov\u00e9 s\u00fabory, ktor\u00e9 [&hellip;]<\/p>\n","protected":false},"author":1,"featured_media":0,"parent":0,"menu_order":0,"comment_status":"closed","ping_status":"closed","template":"page-subpage.php","meta":{"_acf_changed":false,"footnotes":""},"class_list":["post-679","page","type-page","status-publish","hentry"],"acf":[],"yoast_head":"<!-- This site is optimized with the Yoast SEO plugin v26.8 - https:\/\/yoast.com\/product\/yoast-seo-wordpress\/ -->\n<title>ACREA s.r.o. - ochrana s\u00fakromia a s\u00fabory cookies<\/title>\n<meta name=\"description\" content=\"Pre\u010d\u00edtajte si z\u00e1sady ochrany s\u00fakromia a s\u00faborov cookies na na\u0161ej str\u00e1nke.\" \/>\n<meta name=\"robots\" content=\"index, follow, max-snippet:-1, max-image-preview:large, max-video-preview:-1\" \/>\n<link rel=\"canonical\" href=\"https:\/\/www.acreatelier.com\/sk\/cookies\/\" \/>\n<meta property=\"og:locale\" content=\"sk_SK\" \/>\n<meta property=\"og:type\" content=\"article\" \/>\n<meta property=\"og:title\" content=\"ACREA s.r.o. - ochrana s\u00fakromia a s\u00fabory cookies\" \/>\n<meta property=\"og:description\" content=\"Pre\u010d\u00edtajte si z\u00e1sady ochrany s\u00fakromia a s\u00faborov cookies na na\u0161ej str\u00e1nke.\" \/>\n<meta property=\"og:url\" content=\"https:\/\/www.acreatelier.com\/sk\/cookies\/\" \/>\n<meta property=\"og:site_name\" content=\"ACREA s.r.o.\" \/>\n<meta property=\"article:modified_time\" content=\"2021-05-11T00:41:12+00:00\" \/>\n<meta name=\"twitter:card\" content=\"summary_large_image\" \/>\n<meta name=\"twitter:label1\" content=\"Predpokladan\u00fd \u010das \u010d\u00edtania\" \/>\n\t<meta name=\"twitter:data1\" content=\"2 min\u00faty\" \/>\n<script type=\"application\/ld+json\" class=\"yoast-schema-graph\">{\"@context\":\"https:\/\/schema.org\",\"@graph\":[{\"@type\":\"WebPage\",\"@id\":\"https:\/\/www.acreatelier.com\/sk\/cookies\/\",\"url\":\"https:\/\/www.acreatelier.com\/sk\/cookies\/\",\"name\":\"ACREA s.r.o. - ochrana s\u00fakromia a s\u00fabory cookies\",\"isPartOf\":{\"@id\":\"https:\/\/www.acreatelier.com\/cz\/#website\"},\"datePublished\":\"2018-09-25T08:47:27+00:00\",\"dateModified\":\"2021-05-11T00:41:12+00:00\",\"description\":\"Pre\u010d\u00edtajte si z\u00e1sady ochrany s\u00fakromia a s\u00faborov cookies na na\u0161ej str\u00e1nke.\",\"breadcrumb\":{\"@id\":\"https:\/\/www.acreatelier.com\/sk\/cookies\/#breadcrumb\"},\"inLanguage\":\"sk-SK\",\"potentialAction\":[{\"@type\":\"ReadAction\",\"target\":[\"https:\/\/www.acreatelier.com\/sk\/cookies\/\"]}]},{\"@type\":\"BreadcrumbList\",\"@id\":\"https:\/\/www.acreatelier.com\/sk\/cookies\/#breadcrumb\",\"itemListElement\":[{\"@type\":\"ListItem\",\"position\":1,\"name\":\"Home\",\"item\":\"https:\/\/www.acreatelier.com\/sk\/\"},{\"@type\":\"ListItem\",\"position\":2,\"name\":\"Cookies\"}]},{\"@type\":\"WebSite\",\"@id\":\"https:\/\/www.acreatelier.com\/cz\/#website\",\"url\":\"https:\/\/www.acreatelier.com\/cz\/\",\"name\":\"ACREA s.r.o.\",\"description\":\"\",\"potentialAction\":[{\"@type\":\"SearchAction\",\"target\":{\"@type\":\"EntryPoint\",\"urlTemplate\":\"https:\/\/www.acreatelier.com\/cz\/?s={search_term_string}\"},\"query-input\":{\"@type\":\"PropertyValueSpecification\",\"valueRequired\":true,\"valueName\":\"search_term_string\"}}],\"inLanguage\":\"sk-SK\"}]}<\/script>\n<!-- \/ Yoast SEO plugin. -->","yoast_head_json":{"title":"ACREA s.r.o. - ochrana s\u00fakromia a s\u00fabory cookies","description":"Pre\u010d\u00edtajte si z\u00e1sady ochrany s\u00fakromia a s\u00faborov cookies na na\u0161ej str\u00e1nke.","robots":{"index":"index","follow":"follow","max-snippet":"max-snippet:-1","max-image-preview":"max-image-preview:large","max-video-preview":"max-video-preview:-1"},"canonical":"https:\/\/www.acreatelier.com\/sk\/cookies\/","og_locale":"sk_SK","og_type":"article","og_title":"ACREA s.r.o. - ochrana s\u00fakromia a s\u00fabory cookies","og_description":"Pre\u010d\u00edtajte si z\u00e1sady ochrany s\u00fakromia a s\u00faborov cookies na na\u0161ej str\u00e1nke.","og_url":"https:\/\/www.acreatelier.com\/sk\/cookies\/","og_site_name":"ACREA s.r.o.","article_modified_time":"2021-05-11T00:41:12+00:00","twitter_card":"summary_large_image","twitter_misc":{"Predpokladan\u00fd \u010das \u010d\u00edtania":"2 min\u00faty"},"schema":{"@context":"https:\/\/schema.org","@graph":[{"@type":"WebPage","@id":"https:\/\/www.acreatelier.com\/sk\/cookies\/","url":"https:\/\/www.acreatelier.com\/sk\/cookies\/","name":"ACREA s.r.o. - ochrana s\u00fakromia a s\u00fabory cookies","isPartOf":{"@id":"https:\/\/www.acreatelier.com\/cz\/#website"},"datePublished":"2018-09-25T08:47:27+00:00","dateModified":"2021-05-11T00:41:12+00:00","description":"Pre\u010d\u00edtajte si z\u00e1sady ochrany s\u00fakromia a s\u00faborov cookies na na\u0161ej str\u00e1nke.","breadcrumb":{"@id":"https:\/\/www.acreatelier.com\/sk\/cookies\/#breadcrumb"},"inLanguage":"sk-SK","potentialAction":[{"@type":"ReadAction","target":["https:\/\/www.acreatelier.com\/sk\/cookies\/"]}]},{"@type":"BreadcrumbList","@id":"https:\/\/www.acreatelier.com\/sk\/cookies\/#breadcrumb","itemListElement":[{"@type":"ListItem","position":1,"name":"Home","item":"https:\/\/www.acreatelier.com\/sk\/"},{"@type":"ListItem","position":2,"name":"Cookies"}]},{"@type":"WebSite","@id":"https:\/\/www.acreatelier.com\/cz\/#website","url":"https:\/\/www.acreatelier.com\/cz\/","name":"ACREA s.r.o.","description":"","potentialAction":[{"@type":"SearchAction","target":{"@type":"EntryPoint","urlTemplate":"https:\/\/www.acreatelier.com\/cz\/?s={search_term_string}"},"query-input":{"@type":"PropertyValueSpecification","valueRequired":true,"valueName":"search_term_string"}}],"inLanguage":"sk-SK"}]}},"_links":{"self":[{"href":"https:\/\/www.acreatelier.com\/sk\/wp-json\/wp\/v2\/pages\/679","targetHints":{"allow":["GET"]}}],"collection":[{"href":"https:\/\/www.acreatelier.com\/sk\/wp-json\/wp\/v2\/pages"}],"about":[{"href":"https:\/\/www.acreatelier.com\/sk\/wp-json\/wp\/v2\/types\/page"}],"author":[{"embeddable":true,"href":"https:\/\/www.acreatelier.com\/sk\/wp-json\/wp\/v2\/users\/1"}],"replies":[{"embeddable":true,"href":"https:\/\/www.acreatelier.com\/sk\/wp-json\/wp\/v2\/comments?post=679"}],"version-history":[{"count":1,"href":"https:\/\/www.acreatelier.com\/sk\/wp-json\/wp\/v2\/pages\/679\/revisions"}],"predecessor-version":[{"id":4340,"href":"https:\/\/www.acreatelier.com\/sk\/wp-json\/wp\/v2\/pages\/679\/revisions\/4340"}],"wp:attachment":[{"href":"https:\/\/www.acreatelier.com\/sk\/wp-json\/wp\/v2\/media?parent=679"}],"curies":[{"name":"wp","href":"https:\/\/api.w.org\/{rel}","templated":true}]}}