{"id":13,"date":"2018-07-25T21:10:26","date_gmt":"2018-07-25T19:10:26","guid":{"rendered":"https:\/\/www.acreatelier.com\/?page_id=13"},"modified":"2021-11-18T11:39:25","modified_gmt":"2021-11-18T10:39:25","slug":"acrea-architecture-planning","status":"publish","type":"page","link":"https:\/\/www.acreatelier.com\/sk\/","title":{"rendered":"ACREA architecture &#8211; planning"},"content":{"rendered":"","protected":false},"excerpt":{"rendered":"","protected":false},"author":1,"featured_media":0,"parent":0,"menu_order":0,"comment_status":"closed","ping_status":"closed","template":"page-home.php","meta":{"_acf_changed":false,"footnotes":""},"class_list":["post-13","page","type-page","status-publish","hentry"],"acf":[],"yoast_head":"<!-- This site is optimized with the Yoast SEO plugin v26.8 - https:\/\/yoast.com\/product\/yoast-seo-wordpress\/ -->\n<title>ACREA s.r.o. - architektonick\u00e1 a projek\u010dn\u00e1 kancel\u00e1ria Bratislava<\/title>\n<meta name=\"description\" content=\"Na\u0161i architekti a projektanti splnia aj najodv\u00e1\u017enej\u0161ie po\u017eiadavky. Architektonick\u00e1 a projek\u010dn\u00e1 kancel\u00e1ria Acrea p\u00f4sob\u00ed v meste Bratislava.\" \/>\n<meta name=\"robots\" content=\"index, follow, max-snippet:-1, max-image-preview:large, max-video-preview:-1\" \/>\n<link rel=\"canonical\" href=\"https:\/\/www.acreatelier.com\/sk\/\" \/>\n<meta property=\"og:locale\" content=\"sk_SK\" \/>\n<meta property=\"og:type\" content=\"article\" \/>\n<meta property=\"og:title\" content=\"ACREA s.r.o. - architektonick\u00e1 a projek\u010dn\u00e1 kancel\u00e1ria Bratislava\" \/>\n<meta property=\"og:description\" content=\"Na\u0161i architekti a projektanti splnia aj najodv\u00e1\u017enej\u0161ie po\u017eiadavky. Architektonick\u00e1 a projek\u010dn\u00e1 kancel\u00e1ria Acrea p\u00f4sob\u00ed v meste Bratislava.\" \/>\n<meta property=\"og:url\" content=\"https:\/\/www.acreatelier.com\/sk\/\" \/>\n<meta property=\"og:site_name\" content=\"ACREA s.r.o.\" \/>\n<meta property=\"article:modified_time\" content=\"2021-11-18T10:39:25+00:00\" \/>\n<meta name=\"twitter:card\" content=\"summary_large_image\" \/>\n<script type=\"application\/ld+json\" class=\"yoast-schema-graph\">{\"@context\":\"https:\/\/schema.org\",\"@graph\":[{\"@type\":\"WebPage\",\"@id\":\"https:\/\/www.acreatelier.com\/sk\/\",\"url\":\"https:\/\/www.acreatelier.com\/sk\/\",\"name\":\"ACREA s.r.o. - architektonick\u00e1 a projek\u010dn\u00e1 kancel\u00e1ria Bratislava\",\"isPartOf\":{\"@id\":\"https:\/\/www.acreatelier.com\/cz\/#website\"},\"datePublished\":\"2018-07-25T19:10:26+00:00\",\"dateModified\":\"2021-11-18T10:39:25+00:00\",\"description\":\"Na\u0161i architekti a projektanti splnia aj najodv\u00e1\u017enej\u0161ie po\u017eiadavky. Architektonick\u00e1 a projek\u010dn\u00e1 kancel\u00e1ria Acrea p\u00f4sob\u00ed v meste Bratislava.\",\"breadcrumb\":{\"@id\":\"https:\/\/www.acreatelier.com\/sk\/#breadcrumb\"},\"inLanguage\":\"sk-SK\",\"potentialAction\":[{\"@type\":\"ReadAction\",\"target\":[\"https:\/\/www.acreatelier.com\/sk\/\"]}]},{\"@type\":\"BreadcrumbList\",\"@id\":\"https:\/\/www.acreatelier.com\/sk\/#breadcrumb\",\"itemListElement\":[{\"@type\":\"ListItem\",\"position\":1,\"name\":\"Home\",\"item\":\"https:\/\/www.acreatelier.com\/sk\/\"},{\"@type\":\"ListItem\",\"position\":2,\"name\":\"ACREA architecture &#8211; planning\"}]},{\"@type\":\"WebSite\",\"@id\":\"https:\/\/www.acreatelier.com\/cz\/#website\",\"url\":\"https:\/\/www.acreatelier.com\/cz\/\",\"name\":\"ACREA s.r.o.\",\"description\":\"\",\"potentialAction\":[{\"@type\":\"SearchAction\",\"target\":{\"@type\":\"EntryPoint\",\"urlTemplate\":\"https:\/\/www.acreatelier.com\/cz\/?s={search_term_string}\"},\"query-input\":{\"@type\":\"PropertyValueSpecification\",\"valueRequired\":true,\"valueName\":\"search_term_string\"}}],\"inLanguage\":\"sk-SK\"}]}<\/script>\n<!-- \/ Yoast SEO plugin. -->","yoast_head_json":{"title":"ACREA s.r.o. - architektonick\u00e1 a projek\u010dn\u00e1 kancel\u00e1ria Bratislava","description":"Na\u0161i architekti a projektanti splnia aj najodv\u00e1\u017enej\u0161ie po\u017eiadavky. Architektonick\u00e1 a projek\u010dn\u00e1 kancel\u00e1ria Acrea p\u00f4sob\u00ed v meste Bratislava.","robots":{"index":"index","follow":"follow","max-snippet":"max-snippet:-1","max-image-preview":"max-image-preview:large","max-video-preview":"max-video-preview:-1"},"canonical":"https:\/\/www.acreatelier.com\/sk\/","og_locale":"sk_SK","og_type":"article","og_title":"ACREA s.r.o. - architektonick\u00e1 a projek\u010dn\u00e1 kancel\u00e1ria Bratislava","og_description":"Na\u0161i architekti a projektanti splnia aj najodv\u00e1\u017enej\u0161ie po\u017eiadavky. Architektonick\u00e1 a projek\u010dn\u00e1 kancel\u00e1ria Acrea p\u00f4sob\u00ed v meste Bratislava.","og_url":"https:\/\/www.acreatelier.com\/sk\/","og_site_name":"ACREA s.r.o.","article_modified_time":"2021-11-18T10:39:25+00:00","twitter_card":"summary_large_image","schema":{"@context":"https:\/\/schema.org","@graph":[{"@type":"WebPage","@id":"https:\/\/www.acreatelier.com\/sk\/","url":"https:\/\/www.acreatelier.com\/sk\/","name":"ACREA s.r.o. - architektonick\u00e1 a projek\u010dn\u00e1 kancel\u00e1ria Bratislava","isPartOf":{"@id":"https:\/\/www.acreatelier.com\/cz\/#website"},"datePublished":"2018-07-25T19:10:26+00:00","dateModified":"2021-11-18T10:39:25+00:00","description":"Na\u0161i architekti a projektanti splnia aj najodv\u00e1\u017enej\u0161ie po\u017eiadavky. Architektonick\u00e1 a projek\u010dn\u00e1 kancel\u00e1ria Acrea p\u00f4sob\u00ed v meste Bratislava.","breadcrumb":{"@id":"https:\/\/www.acreatelier.com\/sk\/#breadcrumb"},"inLanguage":"sk-SK","potentialAction":[{"@type":"ReadAction","target":["https:\/\/www.acreatelier.com\/sk\/"]}]},{"@type":"BreadcrumbList","@id":"https:\/\/www.acreatelier.com\/sk\/#breadcrumb","itemListElement":[{"@type":"ListItem","position":1,"name":"Home","item":"https:\/\/www.acreatelier.com\/sk\/"},{"@type":"ListItem","position":2,"name":"ACREA architecture &#8211; planning"}]},{"@type":"WebSite","@id":"https:\/\/www.acreatelier.com\/cz\/#website","url":"https:\/\/www.acreatelier.com\/cz\/","name":"ACREA s.r.o.","description":"","potentialAction":[{"@type":"SearchAction","target":{"@type":"EntryPoint","urlTemplate":"https:\/\/www.acreatelier.com\/cz\/?s={search_term_string}"},"query-input":{"@type":"PropertyValueSpecification","valueRequired":true,"valueName":"search_term_string"}}],"inLanguage":"sk-SK"}]}},"_links":{"self":[{"href":"https:\/\/www.acreatelier.com\/sk\/wp-json\/wp\/v2\/pages\/13","targetHints":{"allow":["GET"]}}],"collection":[{"href":"https:\/\/www.acreatelier.com\/sk\/wp-json\/wp\/v2\/pages"}],"about":[{"href":"https:\/\/www.acreatelier.com\/sk\/wp-json\/wp\/v2\/types\/page"}],"author":[{"embeddable":true,"href":"https:\/\/www.acreatelier.com\/sk\/wp-json\/wp\/v2\/users\/1"}],"replies":[{"embeddable":true,"href":"https:\/\/www.acreatelier.com\/sk\/wp-json\/wp\/v2\/comments?post=13"}],"version-history":[{"count":7,"href":"https:\/\/www.acreatelier.com\/sk\/wp-json\/wp\/v2\/pages\/13\/revisions"}],"predecessor-version":[{"id":4489,"href":"https:\/\/www.acreatelier.com\/sk\/wp-json\/wp\/v2\/pages\/13\/revisions\/4489"}],"wp:attachment":[{"href":"https:\/\/www.acreatelier.com\/sk\/wp-json\/wp\/v2\/media?parent=13"}],"curies":[{"name":"wp","href":"https:\/\/api.w.org\/{rel}","templated":true}]}}