{"id":3122,"date":"2018-07-25T21:10:26","date_gmt":"2018-07-25T19:10:26","guid":{"rendered":"https:\/\/www.acreatelier.com\/acrea-architecture-planning\/"},"modified":"2021-11-18T11:38:45","modified_gmt":"2021-11-18T10:38:45","slug":"acrea-architecture-planning","status":"publish","type":"page","link":"https:\/\/www.acreatelier.com\/cz\/","title":{"rendered":"ACREA architecture &#8211; planning"},"content":{"rendered":"","protected":false},"excerpt":{"rendered":"","protected":false},"author":1,"featured_media":0,"parent":0,"menu_order":0,"comment_status":"closed","ping_status":"closed","template":"page-home.php","meta":{"_acf_changed":false,"footnotes":""},"class_list":["post-3122","page","type-page","status-publish","hentry"],"acf":[],"yoast_head":"<!-- This site is optimized with the Yoast SEO plugin v26.8 - https:\/\/yoast.com\/product\/yoast-seo-wordpress\/ -->\n<title>ACREA Atelier s.r.o. - architektonick\u00e1 a projek\u010dn\u00ed kancel\u00e1\u0159 Praha<\/title>\n<meta name=\"description\" content=\"Na\u0161i architekti a projektanti spln\u00ed i nejodv\u00e1\u017en\u011bj\u0161\u00ed po\u017eadavky. Architektonick\u00e1 a projek\u010dn\u00ed kancel\u00e1\u0159 Acrea p\u016fsob\u00ed ve m\u011bst\u011b Praha.\" \/>\n<meta name=\"robots\" content=\"index, follow, max-snippet:-1, max-image-preview:large, max-video-preview:-1\" \/>\n<link rel=\"canonical\" href=\"https:\/\/www.acreatelier.com\/cz\/\" \/>\n<meta property=\"og:locale\" content=\"en_US\" \/>\n<meta property=\"og:type\" content=\"article\" \/>\n<meta property=\"og:title\" content=\"ACREA Atelier s.r.o. - architektonick\u00e1 a projek\u010dn\u00ed kancel\u00e1\u0159 Praha\" \/>\n<meta property=\"og:description\" content=\"Na\u0161i architekti a projektanti spln\u00ed i nejodv\u00e1\u017en\u011bj\u0161\u00ed po\u017eadavky. Architektonick\u00e1 a projek\u010dn\u00ed kancel\u00e1\u0159 Acrea p\u016fsob\u00ed ve m\u011bst\u011b Praha.\" \/>\n<meta property=\"og:url\" content=\"https:\/\/www.acreatelier.com\/cz\/\" \/>\n<meta property=\"og:site_name\" content=\"ACREA s.r.o.\" \/>\n<meta property=\"article:modified_time\" content=\"2021-11-18T10:38:45+00:00\" \/>\n<meta name=\"twitter:card\" content=\"summary_large_image\" \/>\n<script type=\"application\/ld+json\" class=\"yoast-schema-graph\">{\"@context\":\"https:\/\/schema.org\",\"@graph\":[{\"@type\":\"WebPage\",\"@id\":\"https:\/\/www.acreatelier.com\/cz\/\",\"url\":\"https:\/\/www.acreatelier.com\/cz\/\",\"name\":\"ACREA Atelier s.r.o. - architektonick\u00e1 a projek\u010dn\u00ed kancel\u00e1\u0159 Praha\",\"isPartOf\":{\"@id\":\"https:\/\/www.acreatelier.com\/cz\/#website\"},\"datePublished\":\"2018-07-25T19:10:26+00:00\",\"dateModified\":\"2021-11-18T10:38:45+00:00\",\"description\":\"Na\u0161i architekti a projektanti spln\u00ed i nejodv\u00e1\u017en\u011bj\u0161\u00ed po\u017eadavky. Architektonick\u00e1 a projek\u010dn\u00ed kancel\u00e1\u0159 Acrea p\u016fsob\u00ed ve m\u011bst\u011b Praha.\",\"breadcrumb\":{\"@id\":\"https:\/\/www.acreatelier.com\/cz\/#breadcrumb\"},\"inLanguage\":\"cz-CZ\",\"potentialAction\":[{\"@type\":\"ReadAction\",\"target\":[\"https:\/\/www.acreatelier.com\/cz\/\"]}]},{\"@type\":\"BreadcrumbList\",\"@id\":\"https:\/\/www.acreatelier.com\/cz\/#breadcrumb\",\"itemListElement\":[{\"@type\":\"ListItem\",\"position\":1,\"name\":\"Home\",\"item\":\"https:\/\/www.acreatelier.com\/cz\/\"},{\"@type\":\"ListItem\",\"position\":2,\"name\":\"ACREA architecture &#8211; planning\"}]},{\"@type\":\"WebSite\",\"@id\":\"https:\/\/www.acreatelier.com\/cz\/#website\",\"url\":\"https:\/\/www.acreatelier.com\/cz\/\",\"name\":\"ACREA s.r.o.\",\"description\":\"\",\"potentialAction\":[{\"@type\":\"SearchAction\",\"target\":{\"@type\":\"EntryPoint\",\"urlTemplate\":\"https:\/\/www.acreatelier.com\/cz\/?s={search_term_string}\"},\"query-input\":{\"@type\":\"PropertyValueSpecification\",\"valueRequired\":true,\"valueName\":\"search_term_string\"}}],\"inLanguage\":\"cz-CZ\"}]}<\/script>\n<!-- \/ Yoast SEO plugin. -->","yoast_head_json":{"title":"ACREA Atelier s.r.o. - architektonick\u00e1 a projek\u010dn\u00ed kancel\u00e1\u0159 Praha","description":"Na\u0161i architekti a projektanti spln\u00ed i nejodv\u00e1\u017en\u011bj\u0161\u00ed po\u017eadavky. Architektonick\u00e1 a projek\u010dn\u00ed kancel\u00e1\u0159 Acrea p\u016fsob\u00ed ve m\u011bst\u011b Praha.","robots":{"index":"index","follow":"follow","max-snippet":"max-snippet:-1","max-image-preview":"max-image-preview:large","max-video-preview":"max-video-preview:-1"},"canonical":"https:\/\/www.acreatelier.com\/cz\/","og_locale":"en_US","og_type":"article","og_title":"ACREA Atelier s.r.o. - architektonick\u00e1 a projek\u010dn\u00ed kancel\u00e1\u0159 Praha","og_description":"Na\u0161i architekti a projektanti spln\u00ed i nejodv\u00e1\u017en\u011bj\u0161\u00ed po\u017eadavky. Architektonick\u00e1 a projek\u010dn\u00ed kancel\u00e1\u0159 Acrea p\u016fsob\u00ed ve m\u011bst\u011b Praha.","og_url":"https:\/\/www.acreatelier.com\/cz\/","og_site_name":"ACREA s.r.o.","article_modified_time":"2021-11-18T10:38:45+00:00","twitter_card":"summary_large_image","schema":{"@context":"https:\/\/schema.org","@graph":[{"@type":"WebPage","@id":"https:\/\/www.acreatelier.com\/cz\/","url":"https:\/\/www.acreatelier.com\/cz\/","name":"ACREA Atelier s.r.o. - architektonick\u00e1 a projek\u010dn\u00ed kancel\u00e1\u0159 Praha","isPartOf":{"@id":"https:\/\/www.acreatelier.com\/cz\/#website"},"datePublished":"2018-07-25T19:10:26+00:00","dateModified":"2021-11-18T10:38:45+00:00","description":"Na\u0161i architekti a projektanti spln\u00ed i nejodv\u00e1\u017en\u011bj\u0161\u00ed po\u017eadavky. Architektonick\u00e1 a projek\u010dn\u00ed kancel\u00e1\u0159 Acrea p\u016fsob\u00ed ve m\u011bst\u011b Praha.","breadcrumb":{"@id":"https:\/\/www.acreatelier.com\/cz\/#breadcrumb"},"inLanguage":"cz-CZ","potentialAction":[{"@type":"ReadAction","target":["https:\/\/www.acreatelier.com\/cz\/"]}]},{"@type":"BreadcrumbList","@id":"https:\/\/www.acreatelier.com\/cz\/#breadcrumb","itemListElement":[{"@type":"ListItem","position":1,"name":"Home","item":"https:\/\/www.acreatelier.com\/cz\/"},{"@type":"ListItem","position":2,"name":"ACREA architecture &#8211; planning"}]},{"@type":"WebSite","@id":"https:\/\/www.acreatelier.com\/cz\/#website","url":"https:\/\/www.acreatelier.com\/cz\/","name":"ACREA s.r.o.","description":"","potentialAction":[{"@type":"SearchAction","target":{"@type":"EntryPoint","urlTemplate":"https:\/\/www.acreatelier.com\/cz\/?s={search_term_string}"},"query-input":{"@type":"PropertyValueSpecification","valueRequired":true,"valueName":"search_term_string"}}],"inLanguage":"cz-CZ"}]}},"_links":{"self":[{"href":"https:\/\/www.acreatelier.com\/cz\/wp-json\/wp\/v2\/pages\/3122","targetHints":{"allow":["GET"]}}],"collection":[{"href":"https:\/\/www.acreatelier.com\/cz\/wp-json\/wp\/v2\/pages"}],"about":[{"href":"https:\/\/www.acreatelier.com\/cz\/wp-json\/wp\/v2\/types\/page"}],"author":[{"embeddable":true,"href":"https:\/\/www.acreatelier.com\/cz\/wp-json\/wp\/v2\/users\/1"}],"replies":[{"embeddable":true,"href":"https:\/\/www.acreatelier.com\/cz\/wp-json\/wp\/v2\/comments?post=3122"}],"version-history":[{"count":4,"href":"https:\/\/www.acreatelier.com\/cz\/wp-json\/wp\/v2\/pages\/3122\/revisions"}],"predecessor-version":[{"id":4488,"href":"https:\/\/www.acreatelier.com\/cz\/wp-json\/wp\/v2\/pages\/3122\/revisions\/4488"}],"wp:attachment":[{"href":"https:\/\/www.acreatelier.com\/cz\/wp-json\/wp\/v2\/media?parent=3122"}],"curies":[{"name":"wp","href":"https:\/\/api.w.org\/{rel}","templated":true}]}}