{"id":3115,"date":"2018-09-25T10:47:27","date_gmt":"2018-09-25T08:47:27","guid":{"rendered":"https:\/\/www.acreatelier.com\/cookies\/"},"modified":"2021-05-30T21:09:23","modified_gmt":"2021-05-30T19:09:23","slug":"cookies","status":"publish","type":"page","link":"https:\/\/www.acreatelier.com\/cz\/cookies\/","title":{"rendered":"Cookies"},"content":{"rendered":"<p>V souladu s \u00a7 55 ods. 5 Z\u00e1kona NRSR \u010d. 351\/2011 Sb. o elektronick\u00fdch komunikac\u00edch, ve zn\u011bn\u00ed pozd\u011bj\u0161\u00edch p\u0159edpis\u016f si v\u00e1s dovolujeme informovat o pou\u017e\u00edv\u00e1n\u00ed cookies a upoutat va\u0161i pozornost na mo\u017enost zm\u011bny nastaven\u00ed sv\u00e9ho internetov\u00e9ho prohl\u00ed\u017ee\u010de pro p\u0159\u00edpad, \u017ee v\u00e1m aktu\u00e1ln\u00ed nastaven\u00ed vyu\u017e\u00edv\u00e1n\u00ed cookies nevyhovuje.<\/p>\n<p><strong>Co jsou cookies?<\/strong><\/p>\n<p>Soubory cookies jsou mal\u00e9 textov\u00e9 soubory, kter\u00e9 mohou b\u00fdt do internetov\u00e9ho prohl\u00ed\u017ee\u010de odes\u00edl\u00e1ny p\u0159i n\u00e1v\u0161t\u011bv\u011b webov\u00fdch str\u00e1nek a ukl\u00e1d\u00e1ny do va\u0161eho za\u0159\u00edzen\u00ed (po\u010d\u00edta\u010de nebo do jin\u00e9ho za\u0159\u00edzen\u00ed s\u00a0p\u0159\u00edstupem na internet, kup\u0159\u00edkladu chytr\u00fd telefon nebo tablet). Soubory cookies se ukl\u00e1daj\u00ed do slo\u017eky pro soubory va\u0161eho internetov\u00e9ho prohl\u00ed\u017ee\u010de. Cookies obvykle obsahuj\u00ed n\u00e1zev webov\u00e9 str\u00e1nky, ze kter\u00e9 poch\u00e1zej\u00ed a datum sv\u00e9ho vzniku. P\u0159i dal\u0161\u00ed n\u00e1v\u0161t\u011bv\u011b str\u00e1nky webov\u00fd prohl\u00ed\u017ee\u010d znovu na\u010dte soubory cookies a tyto informace ode\u0161le zp\u011bt webov\u00e9 str\u00e1nce, kter\u00e1 p\u016fvodn\u011b cookies vytvo\u0159ila. Soubory cookies, kter\u00e9 pou\u017e\u00edv\u00e1me, nepo\u0161kozuj\u00ed v\u00e1\u0161 po\u010d\u00edta\u010d.<\/p>\n<p><strong>Pou\u017e\u00edv\u00e1n\u00ed cookies<\/strong><\/p>\n<p>Pou\u017e\u00edv\u00e1n\u00edm str\u00e1nek vyjad\u0159ujete souhlas s\u00a0pou\u017eit\u00edm cookies v\u00a0souladu s\u00a0nastaven\u00edm va\u0161eho internetov\u00e9ho prohl\u00ed\u017ee\u010de. Pokud nav\u0161t\u00edv\u00edte na\u0161e webov\u00e9 str\u00e1nky, v\u00a0prohl\u00ed\u017ee\u010di m\u00e1te povoleno p\u0159ij\u00edm\u00e1n\u00ed soubor\u016f cookies, neprovedete zm\u011bnu nastaven\u00ed va\u0161eho internetov\u00e9ho prohl\u00ed\u017ee\u010de a pokra\u010dujete v\u00a0n\u00e1v\u0161t\u011bv\u011b na\u0161ich webov\u00fdch str\u00e1nek. Pova\u017eujeme to za p\u0159ijet\u00ed na\u0161ich podm\u00ednek pou\u017e\u00edv\u00e1n\u00ed soubor\u016f cookies.<\/p>\n<p><strong>Pro\u010d pou\u017e\u00edv\u00e1me cookies?<\/strong><\/p>\n<p>Cookies pou\u017e\u00edv\u00e1me s\u00a0c\u00edlem optim\u00e1ln\u011b vytv\u00e1\u0159et a neust\u00e1le zkvalit\u0148ovat na\u0161e slu\u017eby, p\u0159izp\u016fsobit jejich va\u0161im z\u00e1jm\u016fm a pot\u0159eb\u00e1m a zlep\u0161ovat jejich strukturu a obsah i na vytv\u00e1\u0159en\u00ed zaj\u00edmav\u00fdch nab\u00eddek pro V\u00e1s. Acrea nepou\u017e\u00edv\u00e1 \u00fadaje z\u00edskan\u00e9 pou\u017e\u00edv\u00e1n\u00edm cookies jako kontaktn\u00ed \u00fadaje na kontaktov\u00e1n\u00ed V\u00e1s prost\u0159ednictv\u00edm po\u0161ty, elektronick\u00e9 po\u0161ty nebo telefonu.<\/p>\n<p><strong>Jak m\u016f\u017eete nastaven\u00ed cookies zm\u011bnit?<\/strong><\/p>\n<p>V\u011bt\u0161ina internetov\u00fdch prohl\u00ed\u017ee\u010d\u016f je p\u016fvodn\u011b nastavena na automatick\u00e9 zapnut\u00e9 cookies. Toto nastaven\u00ed lze zm\u011bnit zablokov\u00e1n\u00edm cookies nebo upozorn\u011bn\u00edm v\u00a0p\u0159\u00edpad\u011b, \u017ee se maj\u00ed cookies poslat do va\u0161eho za\u0159\u00edzen\u00ed. Instrukce na zm\u011bnu cookies najdete ve volb\u011b \u201epomoc\u201c ka\u017ed\u00e9ho prohl\u00ed\u017ee\u010de. Pokud pou\u017e\u00edv\u00e1te r\u016fzn\u00e9 za\u0159\u00edzen\u00ed pro p\u0159\u00edstup ke str\u00e1nk\u00e1m (nap\u0159. po\u010d\u00edta\u010d, smartphonu, tablet), doporu\u010dujeme ka\u017ed\u00fd prohl\u00ed\u017ee\u010d na ka\u017ed\u00e9m za\u0159\u00edzen\u00ed p\u0159izp\u016fsobit va\u0161im preferenc\u00edm cookies.<\/p>\n<p><strong>Pro\u010d si ponechat nastaven\u00ed cookies?<\/strong><\/p>\n<p>Pou\u017e\u00edv\u00e1n\u00ed cookies a jejich povolen\u00ed ve webov\u00e9m prohl\u00ed\u017ee\u010di je na va\u0161em rozhodnut\u00ed. V\u00a0p\u0159\u00edpad\u011b zm\u011bny jejich nastaven\u00ed v\u0161ak mohou m\u00edt n\u011bkter\u00e9 na\u0161e webov\u00e9 str\u00e1nky omezenou funk\u010dnost a sn\u00ed\u017een\u00fd u\u017eivatelsk\u00fd komfort.<\/p>\n<p>S\u00a0c\u00edlem zv\u00fd\u0161it u\u017eivatelsk\u00fd komfort n\u00e1v\u0161t\u011bvn\u00edk\u016f str\u00e1nky a sb\u00edrat statistick\u00e9 \u00fadaje vyu\u017e\u00edv\u00e1 tato str\u00e1nka cookies. \u00dadaje z\u00a0cookies jsou uchov\u00e1v\u00e1ny 26 m\u011bs\u00edc\u016f.<\/p>\n","protected":false},"excerpt":{"rendered":"<p>V souladu s \u00a7 55 ods. 5 Z\u00e1kona NRSR \u010d. 351\/2011 Sb. o elektronick\u00fdch komunikac\u00edch, ve zn\u011bn\u00ed pozd\u011bj\u0161\u00edch p\u0159edpis\u016f si v\u00e1s dovolujeme informovat o pou\u017e\u00edv\u00e1n\u00ed cookies a upoutat va\u0161i pozornost na mo\u017enost zm\u011bny nastaven\u00ed sv\u00e9ho internetov\u00e9ho prohl\u00ed\u017ee\u010de pro p\u0159\u00edpad, \u017ee v\u00e1m aktu\u00e1ln\u00ed nastaven\u00ed vyu\u017e\u00edv\u00e1n\u00ed cookies nevyhovuje. Co jsou cookies? Soubory cookies jsou mal\u00e9 textov\u00e9 soubory, [&hellip;]<\/p>\n","protected":false},"author":1,"featured_media":0,"parent":0,"menu_order":0,"comment_status":"closed","ping_status":"closed","template":"page-subpage.php","meta":{"_acf_changed":false,"footnotes":""},"class_list":["post-3115","page","type-page","status-publish","hentry"],"acf":[],"yoast_head":"<!-- This site is optimized with the Yoast SEO plugin v26.8 - https:\/\/yoast.com\/product\/yoast-seo-wordpress\/ -->\n<title>ACREA Atelier s.r.o. - ochrana soukrom\u00ed a soubory cookies<\/title>\n<meta name=\"description\" content=\"P\u0159e\u010dt\u011bte si z\u00e1sady ochrany soukrom\u00ed a soubor\u016f cookies na na\u0161\u00ed str\u00e1nce.\" \/>\n<meta name=\"robots\" content=\"index, follow, max-snippet:-1, max-image-preview:large, max-video-preview:-1\" \/>\n<link rel=\"canonical\" href=\"https:\/\/www.acreatelier.com\/cz\/cookies\/\" \/>\n<meta property=\"og:locale\" content=\"en_US\" \/>\n<meta property=\"og:type\" content=\"article\" \/>\n<meta property=\"og:title\" content=\"ACREA Atelier s.r.o. - ochrana soukrom\u00ed a soubory cookies\" \/>\n<meta property=\"og:description\" content=\"P\u0159e\u010dt\u011bte si z\u00e1sady ochrany soukrom\u00ed a soubor\u016f cookies na na\u0161\u00ed str\u00e1nce.\" \/>\n<meta property=\"og:url\" content=\"https:\/\/www.acreatelier.com\/cz\/cookies\/\" \/>\n<meta property=\"og:site_name\" content=\"ACREA s.r.o.\" \/>\n<meta property=\"article:modified_time\" content=\"2021-05-30T19:09:23+00:00\" \/>\n<meta name=\"twitter:card\" content=\"summary_large_image\" \/>\n<meta name=\"twitter:label1\" content=\"Est. reading time\" \/>\n\t<meta name=\"twitter:data1\" content=\"2 minutes\" \/>\n<script type=\"application\/ld+json\" class=\"yoast-schema-graph\">{\"@context\":\"https:\/\/schema.org\",\"@graph\":[{\"@type\":\"WebPage\",\"@id\":\"https:\/\/www.acreatelier.com\/cz\/cookies\/\",\"url\":\"https:\/\/www.acreatelier.com\/cz\/cookies\/\",\"name\":\"ACREA Atelier s.r.o. - ochrana soukrom\u00ed a soubory cookies\",\"isPartOf\":{\"@id\":\"https:\/\/www.acreatelier.com\/cz\/#website\"},\"datePublished\":\"2018-09-25T08:47:27+00:00\",\"dateModified\":\"2021-05-30T19:09:23+00:00\",\"description\":\"P\u0159e\u010dt\u011bte si z\u00e1sady ochrany soukrom\u00ed a soubor\u016f cookies na na\u0161\u00ed str\u00e1nce.\",\"breadcrumb\":{\"@id\":\"https:\/\/www.acreatelier.com\/cz\/cookies\/#breadcrumb\"},\"inLanguage\":\"cz-CZ\",\"potentialAction\":[{\"@type\":\"ReadAction\",\"target\":[\"https:\/\/www.acreatelier.com\/cz\/cookies\/\"]}]},{\"@type\":\"BreadcrumbList\",\"@id\":\"https:\/\/www.acreatelier.com\/cz\/cookies\/#breadcrumb\",\"itemListElement\":[{\"@type\":\"ListItem\",\"position\":1,\"name\":\"Home\",\"item\":\"https:\/\/www.acreatelier.com\/cz\/\"},{\"@type\":\"ListItem\",\"position\":2,\"name\":\"Cookies\"}]},{\"@type\":\"WebSite\",\"@id\":\"https:\/\/www.acreatelier.com\/cz\/#website\",\"url\":\"https:\/\/www.acreatelier.com\/cz\/\",\"name\":\"ACREA s.r.o.\",\"description\":\"\",\"potentialAction\":[{\"@type\":\"SearchAction\",\"target\":{\"@type\":\"EntryPoint\",\"urlTemplate\":\"https:\/\/www.acreatelier.com\/cz\/?s={search_term_string}\"},\"query-input\":{\"@type\":\"PropertyValueSpecification\",\"valueRequired\":true,\"valueName\":\"search_term_string\"}}],\"inLanguage\":\"cz-CZ\"}]}<\/script>\n<!-- \/ Yoast SEO plugin. -->","yoast_head_json":{"title":"ACREA Atelier s.r.o. - ochrana soukrom\u00ed a soubory cookies","description":"P\u0159e\u010dt\u011bte si z\u00e1sady ochrany soukrom\u00ed a soubor\u016f cookies na na\u0161\u00ed str\u00e1nce.","robots":{"index":"index","follow":"follow","max-snippet":"max-snippet:-1","max-image-preview":"max-image-preview:large","max-video-preview":"max-video-preview:-1"},"canonical":"https:\/\/www.acreatelier.com\/cz\/cookies\/","og_locale":"en_US","og_type":"article","og_title":"ACREA Atelier s.r.o. - ochrana soukrom\u00ed a soubory cookies","og_description":"P\u0159e\u010dt\u011bte si z\u00e1sady ochrany soukrom\u00ed a soubor\u016f cookies na na\u0161\u00ed str\u00e1nce.","og_url":"https:\/\/www.acreatelier.com\/cz\/cookies\/","og_site_name":"ACREA s.r.o.","article_modified_time":"2021-05-30T19:09:23+00:00","twitter_card":"summary_large_image","twitter_misc":{"Est. reading time":"2 minutes"},"schema":{"@context":"https:\/\/schema.org","@graph":[{"@type":"WebPage","@id":"https:\/\/www.acreatelier.com\/cz\/cookies\/","url":"https:\/\/www.acreatelier.com\/cz\/cookies\/","name":"ACREA Atelier s.r.o. - ochrana soukrom\u00ed a soubory cookies","isPartOf":{"@id":"https:\/\/www.acreatelier.com\/cz\/#website"},"datePublished":"2018-09-25T08:47:27+00:00","dateModified":"2021-05-30T19:09:23+00:00","description":"P\u0159e\u010dt\u011bte si z\u00e1sady ochrany soukrom\u00ed a soubor\u016f cookies na na\u0161\u00ed str\u00e1nce.","breadcrumb":{"@id":"https:\/\/www.acreatelier.com\/cz\/cookies\/#breadcrumb"},"inLanguage":"cz-CZ","potentialAction":[{"@type":"ReadAction","target":["https:\/\/www.acreatelier.com\/cz\/cookies\/"]}]},{"@type":"BreadcrumbList","@id":"https:\/\/www.acreatelier.com\/cz\/cookies\/#breadcrumb","itemListElement":[{"@type":"ListItem","position":1,"name":"Home","item":"https:\/\/www.acreatelier.com\/cz\/"},{"@type":"ListItem","position":2,"name":"Cookies"}]},{"@type":"WebSite","@id":"https:\/\/www.acreatelier.com\/cz\/#website","url":"https:\/\/www.acreatelier.com\/cz\/","name":"ACREA s.r.o.","description":"","potentialAction":[{"@type":"SearchAction","target":{"@type":"EntryPoint","urlTemplate":"https:\/\/www.acreatelier.com\/cz\/?s={search_term_string}"},"query-input":{"@type":"PropertyValueSpecification","valueRequired":true,"valueName":"search_term_string"}}],"inLanguage":"cz-CZ"}]}},"_links":{"self":[{"href":"https:\/\/www.acreatelier.com\/cz\/wp-json\/wp\/v2\/pages\/3115","targetHints":{"allow":["GET"]}}],"collection":[{"href":"https:\/\/www.acreatelier.com\/cz\/wp-json\/wp\/v2\/pages"}],"about":[{"href":"https:\/\/www.acreatelier.com\/cz\/wp-json\/wp\/v2\/types\/page"}],"author":[{"embeddable":true,"href":"https:\/\/www.acreatelier.com\/cz\/wp-json\/wp\/v2\/users\/1"}],"replies":[{"embeddable":true,"href":"https:\/\/www.acreatelier.com\/cz\/wp-json\/wp\/v2\/comments?post=3115"}],"version-history":[{"count":3,"href":"https:\/\/www.acreatelier.com\/cz\/wp-json\/wp\/v2\/pages\/3115\/revisions"}],"predecessor-version":[{"id":4432,"href":"https:\/\/www.acreatelier.com\/cz\/wp-json\/wp\/v2\/pages\/3115\/revisions\/4432"}],"wp:attachment":[{"href":"https:\/\/www.acreatelier.com\/cz\/wp-json\/wp\/v2\/media?parent=3115"}],"curies":[{"name":"wp","href":"https:\/\/api.w.org\/{rel}","templated":true}]}}