{"id":3102,"date":"2019-06-06T07:53:40","date_gmt":"2019-06-06T05:53:40","guid":{"rendered":"https:\/\/www.acreatelier.com\/navgaro\/"},"modified":"2021-05-30T20:23:14","modified_gmt":"2021-05-30T18:23:14","slug":"navgaro","status":"publish","type":"page","link":"https:\/\/www.acreatelier.com\/cz\/navgaro\/","title":{"rendered":"Digitalizace budov &#8211; BIM"},"content":{"rendered":"","protected":false},"excerpt":{"rendered":"","protected":false},"author":1,"featured_media":0,"parent":0,"menu_order":0,"comment_status":"closed","ping_status":"closed","template":"page-navgaro.php","meta":{"_acf_changed":false,"footnotes":""},"class_list":["post-3102","page","type-page","status-publish","hentry"],"acf":[],"yoast_head":"<!-- This site is optimized with the Yoast SEO plugin v26.8 - https:\/\/yoast.com\/product\/yoast-seo-wordpress\/ -->\n<title>Digit\u00e1ln\u00ed model budovy, projektov\u00e1n\u00ed v BIM, digitalizace budov<\/title>\n<meta name=\"description\" content=\"Digitalizace budovy technologi\u00ed BIM je pro n\u00e1s hra\u010dka. Naprojektujeme digit\u00e1ln\u00ed informa\u010dn\u00ed model stavby. Projektov\u00e1n\u00ed budov v BIM.\" \/>\n<meta name=\"robots\" content=\"index, follow, max-snippet:-1, max-image-preview:large, max-video-preview:-1\" \/>\n<link rel=\"canonical\" href=\"https:\/\/www.acreatelier.com\/cz\/navgaro\/\" \/>\n<meta property=\"og:locale\" content=\"en_US\" \/>\n<meta property=\"og:type\" content=\"article\" \/>\n<meta property=\"og:title\" content=\"Digit\u00e1ln\u00ed model budovy, projektov\u00e1n\u00ed v BIM, digitalizace budov\" \/>\n<meta property=\"og:description\" content=\"Digitalizace budovy technologi\u00ed BIM je pro n\u00e1s hra\u010dka. Naprojektujeme digit\u00e1ln\u00ed informa\u010dn\u00ed model stavby. Projektov\u00e1n\u00ed budov v BIM.\" \/>\n<meta property=\"og:url\" content=\"https:\/\/www.acreatelier.com\/cz\/navgaro\/\" \/>\n<meta property=\"og:site_name\" content=\"ACREA s.r.o.\" \/>\n<meta property=\"article:modified_time\" content=\"2021-05-30T18:23:14+00:00\" \/>\n<meta name=\"twitter:card\" content=\"summary_large_image\" \/>\n<script type=\"application\/ld+json\" class=\"yoast-schema-graph\">{\"@context\":\"https:\/\/schema.org\",\"@graph\":[{\"@type\":\"WebPage\",\"@id\":\"https:\/\/www.acreatelier.com\/cz\/navgaro\/\",\"url\":\"https:\/\/www.acreatelier.com\/cz\/navgaro\/\",\"name\":\"Digit\u00e1ln\u00ed model budovy, projektov\u00e1n\u00ed v BIM, digitalizace budov\",\"isPartOf\":{\"@id\":\"https:\/\/www.acreatelier.com\/cz\/#website\"},\"datePublished\":\"2019-06-06T05:53:40+00:00\",\"dateModified\":\"2021-05-30T18:23:14+00:00\",\"description\":\"Digitalizace budovy technologi\u00ed BIM je pro n\u00e1s hra\u010dka. Naprojektujeme digit\u00e1ln\u00ed informa\u010dn\u00ed model stavby. Projektov\u00e1n\u00ed budov v BIM.\",\"breadcrumb\":{\"@id\":\"https:\/\/www.acreatelier.com\/cz\/navgaro\/#breadcrumb\"},\"inLanguage\":\"cz-CZ\",\"potentialAction\":[{\"@type\":\"ReadAction\",\"target\":[\"https:\/\/www.acreatelier.com\/cz\/navgaro\/\"]}]},{\"@type\":\"BreadcrumbList\",\"@id\":\"https:\/\/www.acreatelier.com\/cz\/navgaro\/#breadcrumb\",\"itemListElement\":[{\"@type\":\"ListItem\",\"position\":1,\"name\":\"Home\",\"item\":\"https:\/\/www.acreatelier.com\/cz\/\"},{\"@type\":\"ListItem\",\"position\":2,\"name\":\"Digitalizace budov &#8211; BIM\"}]},{\"@type\":\"WebSite\",\"@id\":\"https:\/\/www.acreatelier.com\/cz\/#website\",\"url\":\"https:\/\/www.acreatelier.com\/cz\/\",\"name\":\"ACREA s.r.o.\",\"description\":\"\",\"potentialAction\":[{\"@type\":\"SearchAction\",\"target\":{\"@type\":\"EntryPoint\",\"urlTemplate\":\"https:\/\/www.acreatelier.com\/cz\/?s={search_term_string}\"},\"query-input\":{\"@type\":\"PropertyValueSpecification\",\"valueRequired\":true,\"valueName\":\"search_term_string\"}}],\"inLanguage\":\"cz-CZ\"}]}<\/script>\n<!-- \/ Yoast SEO plugin. -->","yoast_head_json":{"title":"Digit\u00e1ln\u00ed model budovy, projektov\u00e1n\u00ed v BIM, digitalizace budov","description":"Digitalizace budovy technologi\u00ed BIM je pro n\u00e1s hra\u010dka. Naprojektujeme digit\u00e1ln\u00ed informa\u010dn\u00ed model stavby. Projektov\u00e1n\u00ed budov v BIM.","robots":{"index":"index","follow":"follow","max-snippet":"max-snippet:-1","max-image-preview":"max-image-preview:large","max-video-preview":"max-video-preview:-1"},"canonical":"https:\/\/www.acreatelier.com\/cz\/navgaro\/","og_locale":"en_US","og_type":"article","og_title":"Digit\u00e1ln\u00ed model budovy, projektov\u00e1n\u00ed v BIM, digitalizace budov","og_description":"Digitalizace budovy technologi\u00ed BIM je pro n\u00e1s hra\u010dka. Naprojektujeme digit\u00e1ln\u00ed informa\u010dn\u00ed model stavby. Projektov\u00e1n\u00ed budov v BIM.","og_url":"https:\/\/www.acreatelier.com\/cz\/navgaro\/","og_site_name":"ACREA s.r.o.","article_modified_time":"2021-05-30T18:23:14+00:00","twitter_card":"summary_large_image","schema":{"@context":"https:\/\/schema.org","@graph":[{"@type":"WebPage","@id":"https:\/\/www.acreatelier.com\/cz\/navgaro\/","url":"https:\/\/www.acreatelier.com\/cz\/navgaro\/","name":"Digit\u00e1ln\u00ed model budovy, projektov\u00e1n\u00ed v BIM, digitalizace budov","isPartOf":{"@id":"https:\/\/www.acreatelier.com\/cz\/#website"},"datePublished":"2019-06-06T05:53:40+00:00","dateModified":"2021-05-30T18:23:14+00:00","description":"Digitalizace budovy technologi\u00ed BIM je pro n\u00e1s hra\u010dka. Naprojektujeme digit\u00e1ln\u00ed informa\u010dn\u00ed model stavby. Projektov\u00e1n\u00ed budov v BIM.","breadcrumb":{"@id":"https:\/\/www.acreatelier.com\/cz\/navgaro\/#breadcrumb"},"inLanguage":"cz-CZ","potentialAction":[{"@type":"ReadAction","target":["https:\/\/www.acreatelier.com\/cz\/navgaro\/"]}]},{"@type":"BreadcrumbList","@id":"https:\/\/www.acreatelier.com\/cz\/navgaro\/#breadcrumb","itemListElement":[{"@type":"ListItem","position":1,"name":"Home","item":"https:\/\/www.acreatelier.com\/cz\/"},{"@type":"ListItem","position":2,"name":"Digitalizace budov &#8211; BIM"}]},{"@type":"WebSite","@id":"https:\/\/www.acreatelier.com\/cz\/#website","url":"https:\/\/www.acreatelier.com\/cz\/","name":"ACREA s.r.o.","description":"","potentialAction":[{"@type":"SearchAction","target":{"@type":"EntryPoint","urlTemplate":"https:\/\/www.acreatelier.com\/cz\/?s={search_term_string}"},"query-input":{"@type":"PropertyValueSpecification","valueRequired":true,"valueName":"search_term_string"}}],"inLanguage":"cz-CZ"}]}},"_links":{"self":[{"href":"https:\/\/www.acreatelier.com\/cz\/wp-json\/wp\/v2\/pages\/3102","targetHints":{"allow":["GET"]}}],"collection":[{"href":"https:\/\/www.acreatelier.com\/cz\/wp-json\/wp\/v2\/pages"}],"about":[{"href":"https:\/\/www.acreatelier.com\/cz\/wp-json\/wp\/v2\/types\/page"}],"author":[{"embeddable":true,"href":"https:\/\/www.acreatelier.com\/cz\/wp-json\/wp\/v2\/users\/1"}],"replies":[{"embeddable":true,"href":"https:\/\/www.acreatelier.com\/cz\/wp-json\/wp\/v2\/comments?post=3102"}],"version-history":[{"count":1,"href":"https:\/\/www.acreatelier.com\/cz\/wp-json\/wp\/v2\/pages\/3102\/revisions"}],"predecessor-version":[{"id":4412,"href":"https:\/\/www.acreatelier.com\/cz\/wp-json\/wp\/v2\/pages\/3102\/revisions\/4412"}],"wp:attachment":[{"href":"https:\/\/www.acreatelier.com\/cz\/wp-json\/wp\/v2\/media?parent=3102"}],"curies":[{"name":"wp","href":"https:\/\/api.w.org\/{rel}","templated":true}]}}