{"id":3097,"date":"2020-02-05T21:36:12","date_gmt":"2020-02-05T20:36:12","guid":{"rendered":"https:\/\/www.acreatelier.com\/kariera\/"},"modified":"2021-05-30T20:26:20","modified_gmt":"2021-05-30T18:26:20","slug":"kariera","status":"publish","type":"page","link":"https:\/\/www.acreatelier.com\/cz\/kariera\/","title":{"rendered":"Kari\u00e9ra"},"content":{"rendered":"","protected":false},"excerpt":{"rendered":"","protected":false},"author":2,"featured_media":0,"parent":0,"menu_order":0,"comment_status":"closed","ping_status":"closed","template":"page-kariera.php","meta":{"_acf_changed":false,"footnotes":""},"class_list":["post-3097","page","type-page","status-publish","hentry"],"acf":[],"yoast_head":"<!-- This site is optimized with the Yoast SEO plugin v26.8 - https:\/\/yoast.com\/product\/yoast-seo-wordpress\/ -->\n<title>Pracovn\u00ed nab\u00eddky architekt a projektant Praha - ACREA Atelier s.r.o.<\/title>\n<meta name=\"description\" content=\"Jste architekt nebo projektant a zaj\u00edm\u00e1 v\u00e1s pr\u00e1ce ve m\u011bst\u011b Praha? Viz nab\u00eddky pr\u00e1ce pro architekty a projektanty v ACREA Atelier s.r.o.\" \/>\n<meta name=\"robots\" content=\"index, follow, max-snippet:-1, max-image-preview:large, max-video-preview:-1\" \/>\n<link rel=\"canonical\" href=\"https:\/\/www.acreatelier.com\/cz\/kariera\/\" \/>\n<meta property=\"og:locale\" content=\"en_US\" \/>\n<meta property=\"og:type\" content=\"article\" \/>\n<meta property=\"og:title\" content=\"Pracovn\u00ed nab\u00eddky architekt a projektant Praha - ACREA Atelier s.r.o.\" \/>\n<meta property=\"og:description\" content=\"Jste architekt nebo projektant a zaj\u00edm\u00e1 v\u00e1s pr\u00e1ce ve m\u011bst\u011b Praha? Viz nab\u00eddky pr\u00e1ce pro architekty a projektanty v ACREA Atelier s.r.o.\" \/>\n<meta property=\"og:url\" content=\"https:\/\/www.acreatelier.com\/cz\/kariera\/\" \/>\n<meta property=\"og:site_name\" content=\"ACREA s.r.o.\" \/>\n<meta property=\"article:modified_time\" content=\"2021-05-30T18:26:20+00:00\" \/>\n<meta name=\"twitter:card\" content=\"summary_large_image\" \/>\n<script type=\"application\/ld+json\" class=\"yoast-schema-graph\">{\"@context\":\"https:\/\/schema.org\",\"@graph\":[{\"@type\":\"WebPage\",\"@id\":\"https:\/\/www.acreatelier.com\/cz\/kariera\/\",\"url\":\"https:\/\/www.acreatelier.com\/cz\/kariera\/\",\"name\":\"Pracovn\u00ed nab\u00eddky architekt a projektant Praha - ACREA Atelier s.r.o.\",\"isPartOf\":{\"@id\":\"https:\/\/www.acreatelier.com\/cz\/#website\"},\"datePublished\":\"2020-02-05T20:36:12+00:00\",\"dateModified\":\"2021-05-30T18:26:20+00:00\",\"description\":\"Jste architekt nebo projektant a zaj\u00edm\u00e1 v\u00e1s pr\u00e1ce ve m\u011bst\u011b Praha? Viz nab\u00eddky pr\u00e1ce pro architekty a projektanty v ACREA Atelier s.r.o.\",\"breadcrumb\":{\"@id\":\"https:\/\/www.acreatelier.com\/cz\/kariera\/#breadcrumb\"},\"inLanguage\":\"cz-CZ\",\"potentialAction\":[{\"@type\":\"ReadAction\",\"target\":[\"https:\/\/www.acreatelier.com\/cz\/kariera\/\"]}]},{\"@type\":\"BreadcrumbList\",\"@id\":\"https:\/\/www.acreatelier.com\/cz\/kariera\/#breadcrumb\",\"itemListElement\":[{\"@type\":\"ListItem\",\"position\":1,\"name\":\"Home\",\"item\":\"https:\/\/www.acreatelier.com\/cz\/\"},{\"@type\":\"ListItem\",\"position\":2,\"name\":\"Kari\u00e9ra\"}]},{\"@type\":\"WebSite\",\"@id\":\"https:\/\/www.acreatelier.com\/cz\/#website\",\"url\":\"https:\/\/www.acreatelier.com\/cz\/\",\"name\":\"ACREA s.r.o.\",\"description\":\"\",\"potentialAction\":[{\"@type\":\"SearchAction\",\"target\":{\"@type\":\"EntryPoint\",\"urlTemplate\":\"https:\/\/www.acreatelier.com\/cz\/?s={search_term_string}\"},\"query-input\":{\"@type\":\"PropertyValueSpecification\",\"valueRequired\":true,\"valueName\":\"search_term_string\"}}],\"inLanguage\":\"cz-CZ\"}]}<\/script>\n<!-- \/ Yoast SEO plugin. -->","yoast_head_json":{"title":"Pracovn\u00ed nab\u00eddky architekt a projektant Praha - ACREA Atelier s.r.o.","description":"Jste architekt nebo projektant a zaj\u00edm\u00e1 v\u00e1s pr\u00e1ce ve m\u011bst\u011b Praha? Viz nab\u00eddky pr\u00e1ce pro architekty a projektanty v ACREA Atelier s.r.o.","robots":{"index":"index","follow":"follow","max-snippet":"max-snippet:-1","max-image-preview":"max-image-preview:large","max-video-preview":"max-video-preview:-1"},"canonical":"https:\/\/www.acreatelier.com\/cz\/kariera\/","og_locale":"en_US","og_type":"article","og_title":"Pracovn\u00ed nab\u00eddky architekt a projektant Praha - ACREA Atelier s.r.o.","og_description":"Jste architekt nebo projektant a zaj\u00edm\u00e1 v\u00e1s pr\u00e1ce ve m\u011bst\u011b Praha? Viz nab\u00eddky pr\u00e1ce pro architekty a projektanty v ACREA Atelier s.r.o.","og_url":"https:\/\/www.acreatelier.com\/cz\/kariera\/","og_site_name":"ACREA s.r.o.","article_modified_time":"2021-05-30T18:26:20+00:00","twitter_card":"summary_large_image","schema":{"@context":"https:\/\/schema.org","@graph":[{"@type":"WebPage","@id":"https:\/\/www.acreatelier.com\/cz\/kariera\/","url":"https:\/\/www.acreatelier.com\/cz\/kariera\/","name":"Pracovn\u00ed nab\u00eddky architekt a projektant Praha - ACREA Atelier s.r.o.","isPartOf":{"@id":"https:\/\/www.acreatelier.com\/cz\/#website"},"datePublished":"2020-02-05T20:36:12+00:00","dateModified":"2021-05-30T18:26:20+00:00","description":"Jste architekt nebo projektant a zaj\u00edm\u00e1 v\u00e1s pr\u00e1ce ve m\u011bst\u011b Praha? Viz nab\u00eddky pr\u00e1ce pro architekty a projektanty v ACREA Atelier s.r.o.","breadcrumb":{"@id":"https:\/\/www.acreatelier.com\/cz\/kariera\/#breadcrumb"},"inLanguage":"cz-CZ","potentialAction":[{"@type":"ReadAction","target":["https:\/\/www.acreatelier.com\/cz\/kariera\/"]}]},{"@type":"BreadcrumbList","@id":"https:\/\/www.acreatelier.com\/cz\/kariera\/#breadcrumb","itemListElement":[{"@type":"ListItem","position":1,"name":"Home","item":"https:\/\/www.acreatelier.com\/cz\/"},{"@type":"ListItem","position":2,"name":"Kari\u00e9ra"}]},{"@type":"WebSite","@id":"https:\/\/www.acreatelier.com\/cz\/#website","url":"https:\/\/www.acreatelier.com\/cz\/","name":"ACREA s.r.o.","description":"","potentialAction":[{"@type":"SearchAction","target":{"@type":"EntryPoint","urlTemplate":"https:\/\/www.acreatelier.com\/cz\/?s={search_term_string}"},"query-input":{"@type":"PropertyValueSpecification","valueRequired":true,"valueName":"search_term_string"}}],"inLanguage":"cz-CZ"}]}},"_links":{"self":[{"href":"https:\/\/www.acreatelier.com\/cz\/wp-json\/wp\/v2\/pages\/3097","targetHints":{"allow":["GET"]}}],"collection":[{"href":"https:\/\/www.acreatelier.com\/cz\/wp-json\/wp\/v2\/pages"}],"about":[{"href":"https:\/\/www.acreatelier.com\/cz\/wp-json\/wp\/v2\/types\/page"}],"author":[{"embeddable":true,"href":"https:\/\/www.acreatelier.com\/cz\/wp-json\/wp\/v2\/users\/2"}],"replies":[{"embeddable":true,"href":"https:\/\/www.acreatelier.com\/cz\/wp-json\/wp\/v2\/comments?post=3097"}],"version-history":[{"count":1,"href":"https:\/\/www.acreatelier.com\/cz\/wp-json\/wp\/v2\/pages\/3097\/revisions"}],"predecessor-version":[{"id":4413,"href":"https:\/\/www.acreatelier.com\/cz\/wp-json\/wp\/v2\/pages\/3097\/revisions\/4413"}],"wp:attachment":[{"href":"https:\/\/www.acreatelier.com\/cz\/wp-json\/wp\/v2\/media?parent=3097"}],"curies":[{"name":"wp","href":"https:\/\/api.w.org\/{rel}","templated":true}]}}